{"id":22,"date":"2021-06-09T17:47:06","date_gmt":"2021-06-09T20:47:06","guid":{"rendered":"http:\/\/template13.bs2.com.br\/?page_id=22"},"modified":"2021-11-25T17:10:09","modified_gmt":"2021-11-25T20:10:09","slug":"home","status":"publish","type":"page","link":"https:\/\/mpedrosomaquinas.com.br\/","title":{"rendered":"Home"},"content":{"rendered":"<!-- wp:themify-builder\/canvas \/--><!--themify_builder_static--><h1>SOLU\u00c7\u00d5ES COMPLETAS PARA A SUA OBRA<\/h1>\n<h4>Loca\u00e7\u00e3o de maquinas e presta\u00e7\u00e3o de servi\u00e7os<\/h4>\n<a href=\"\/#contato\" > FA\u00c7A UM OR\u00c7AMENTO <\/a>\n<ul> <li>Loca\u00e7\u00e3o de equipamentos para terraplenagem<\/li> <li>escavadeira hidr\u00e1ulica<\/li> <li>Escavadeira hidr\u00e1ulica com rompedor<\/li> <li>Retroescavadeira<\/li> <li>Compactadores de solo<\/li> <li>P\u00e1 carregadeira<\/li> <\/ul>\n<h2>SOBRE N\u00d3S<\/h2>\n<h3>M Pedroso iniciou as atividades em 2010 , atuando no mercado de presta\u00e7\u00e3o de servi\u00e7os e loca\u00e7\u00e3o de equipamentos para terraplenagem , buscando sempre atender seus clientes com equipamentos de qualidade e alta produtividade.<\/h3>\n<h2>NOSSOS VALORES<\/h2> <p>Nossa empresa \u00e9 fundamentada em valores que nos fazem diferenciados dos demais, seguimos um estilo de trabalho \u00fanico, vizando sempre melhor te atender.<\/p>\n<img src=\"\/wp-content\/uploads\/2021\/08\/qualidade-profissionais.svg\" width=\"110\" title=\"Time de profissionais especializados e com vasta experi\u00eancia para melhor te atender\" alt=\"Mpedroso M\u00e1quinas profissionais\"> <h3> Time de profissionais especializados e com vasta experi\u00eancia para melhor te atender <\/h3>\n<img src=\"\/wp-content\/uploads\/2021\/08\/agilidade.svg\" width=\"110\" title=\"Atendimento ao cliente com efici\u00eancia!\" alt=\"Mpedroso M\u00e1quinas atendimento\"> <h3> Atendimento ao cliente com efici\u00eancia! <\/h3>\n<img src=\"\/wp-content\/uploads\/2021\/08\/qualidade.svg\" width=\"110\" title=\"Agilidade no atendimento\" alt=\"Mpedroso M\u00e1quinas atendimento\"> <h3> Agilidade no atendimento <\/h3>\n<h2>NOSSOS VALORES<\/h2>\n<h2><strong>Fale conosco<\/strong><\/h2>\n<h4 style=\"text-align: right;\">Envie uma mensagem ou solicita\u00e7\u00e3o de contato, em instantes responderemos e esclareceremos suas d\u00favidas<\/h4>\n<form action=\"https:\/\/mpedrosomaquinas.com.br\/wp-admin\/admin-ajax.php\" class=\"builder-contact\" id=\"tb_zqec765-form\" method=\"post\" data-post-id=\"0\" data-element-id=\"zqec765\" data-orig-id=\"\" > <label for=\"tb_zqec765-contact-name\">Nome Completo *<\/label> <input type=\"text\" name=\"contact-name\" placeholder=\"\" id=\"tb_zqec765-contact-name\" value=\"\" required> <label for=\"tb_zqec765-contact-email\">Endere\u00e7o de e-mail *<\/label> <input type=\"text\" name=\"contact-email\" placeholder=\"\" id=\"tb_zqec765-contact-email\" value=\"\" required> <label for=\"tb_zqec765-contact-subject\">Assunto <\/label> <input type=\"text\" name=\"contact-subject\" placeholder=\"\" id=\"tb_zqec765-contact-subject\" value=\"\" > <label for=\"tb_zqec765-contact-message\">Mensagem *<\/label> <textarea name=\"contact-message\" placeholder=\"\" id=\"tb_zqec765-contact-message\" required><\/textarea> <label> Captcha * <\/label> <button type=\"submit\">Enviar Mensagem<\/button> <\/form>\n<h2>UM POUCO MAIS DO NOSSO TRABALHO<\/h2> <h3>\u00a0<\/h3>\n<h3 style=\"font-weight: 400; background-clip: border-box; background-image: none; text-align: center;\">Amplia\u00e7\u00e3o do Aeroporto de Maring\u00e1 &#8211; 2021<\/h3>\n<video id=\"video-0-1\" width=\"640\" height=\"360\" playsinline webkit-playsinline preload=\"none\" controls=\"controls\"><source type=\"video\/mp4\" src=\"\/wp-content\/uploads\/2021\/06\/WhatsApp-Video-2021-06-15-at-15.06.23.mp4?_=1\" \/><a href=\"\/wp-content\/uploads\/2021\/06\/WhatsApp-Video-2021-06-15-at-15.06.23.mp4\">\/wp-content\/uploads\/2021\/06\/WhatsApp-Video-2021-06-15-at-15.06.23.mp4<\/a><\/video>\n<p>Obra Maring\u00e1 &#8211; PR<\/p>\n<img loading=\"lazy\" src=\"\/wp-content\/uploads\/2021\/09\/Obra-Engenheiro-Beltrao-PR-scaled.jpeg\" width=\"590\" height=\"395\" alt=\"Obras de Retroescavadeira em maring\u00e1 e terraplanagem\">\n<img loading=\"lazy\" src=\"\/wp-content\/uploads\/2021\/09\/Duplicacao-de-Rodovia-Engenheiro-Beltrao-PR.jpeg\" width=\"591\" height=\"359\" alt=\"Retroescavadeira em maring\u00e1 terraplanagem\">\n<h3>Obra Mandagua\u00e7u &#8211; PR<\/h3>\n<h2>UM POUCO MAIS DO NOSSO TRABALHO<\/h2>\n<h3 style=\"font-weight: 400; background-clip: border-box; background-image: none; text-align: center;\">Desmonte de Rocha Maring\u00e1 &#8211; PR<\/h3>\n<video id=\"video-0-2\" width=\"640\" height=\"360\" playsinline webkit-playsinline preload=\"none\" controls=\"controls\"><source type=\"video\/mp4\" src=\"\/wp-content\/uploads\/2021\/08\/Desmonte-de-Rocha-Maringa-\u2013-PR.mp4?_=2\" \/><a href=\"\/wp-content\/uploads\/2021\/08\/Desmonte-de-Rocha-Maringa-\u2013-PR.mp4\">\/wp-content\/uploads\/2021\/08\/Desmonte-de-Rocha-Maringa-\u2013-PR.mp4<\/a><\/video>\n<h3>Desmonte de Rocha Obra Mau\u00e1 da Serra &#8211; PR<\/h3>\n<video id=\"video-0-3\" width=\"640\" height=\"360\" playsinline webkit-playsinline preload=\"none\" controls=\"controls\"><source type=\"video\/mp4\" src=\"\/wp-content\/uploads\/2021\/08\/Desmonte-de-Rocha-Obra-Maua-da-Serra-\u2013-PR.mp4?_=3\" \/><a href=\"\/wp-content\/uploads\/2021\/08\/Desmonte-de-Rocha-Obra-Maua-da-Serra-\u2013-PR.mp4\">\/wp-content\/uploads\/2021\/08\/Desmonte-de-Rocha-Obra-Maua-da-Serra-\u2013-PR.mp4<\/a><\/video>\n<img loading=\"lazy\" src=\"\/wp-content\/uploads\/2021\/09\/Obra-Bom-Jesus-RS.jpeg\" width=\"499\" height=\"325\" alt=\"Rompedor em obras Bom jesus\">\n<h3>Obra Bom Jesus &#8211; RS<\/h3>\n<h3>Desmonte de Rocha Guarapuava &#8211; PR<\/h3>\n<video id=\"video-0-4\" width=\"640\" height=\"360\" playsinline webkit-playsinline preload=\"none\" controls=\"controls\"><source type=\"video\/mp4\" src=\"\/wp-content\/uploads\/2021\/09\/rompedor.mp4?_=4\" \/><a href=\"\/wp-content\/uploads\/2021\/09\/rompedor.mp4\">\/wp-content\/uploads\/2021\/09\/rompedor.mp4<\/a><\/video>\n<video id=\"video-0-5\" width=\"640\" height=\"360\" playsinline webkit-playsinline preload=\"none\" controls=\"controls\"><source type=\"video\/mp4\" src=\"\/wp-content\/uploads\/2021\/08\/Terraplanagem-Obra-California-\u2013-PR0A.mp4?_=5\" \/><a href=\"\/wp-content\/uploads\/2021\/08\/Terraplanagem-Obra-California-\u2013-PR0A.mp4\">\/wp-content\/uploads\/2021\/08\/Terraplanagem-Obra-California-\u2013-PR0A.mp4<\/a><\/video>\n<h3>Terraplanagem Calif\u00f3rnia &#8211; PR<\/h3>\n<h2>UM POUCO MAIS DO NOSSO TRABALHO<\/h2>\n<h3 style=\"text-align: left;\">Guarapuava &#8211; PR<\/h3>\n<img loading=\"lazy\" src=\"\/wp-content\/uploads\/2021\/09\/rompedor-foto.jpeg\" width=\"479\" height=\"373\" alt=\"M\u00e1quinas Rompedor em maring\u00e1 Terraplanagem\">\n<img loading=\"lazy\" src=\"\/wp-content\/uploads\/2021\/08\/Terraplanagem-Obra-Maringa-PR-2-scaled.jpg\" width=\"479\" height=\"373\" alt=\"Retroescavadeira em maring\u00e1\">\n<h3>Obra Maring\u00e1 &#8211; PR<\/h3><!--\/themify_builder_static-->","protected":false},"excerpt":{"rendered":"<p>SOLU\u00c7\u00d5ES COMPLETAS PARA A SUA OBRA Loca\u00e7\u00e3o de maquinas e presta\u00e7\u00e3o de servi\u00e7os FA\u00c7A UM OR\u00c7AMENTO Loca\u00e7\u00e3o de equipamentos para terraplenagem escavadeira hidr\u00e1ulica Escavadeira hidr\u00e1ulica com rompedor Retroescavadeira Compactadores de solo P\u00e1 carregadeira SOBRE N\u00d3S M Pedroso iniciou as atividades em 2010 , atuando no mercado de presta\u00e7\u00e3o de servi\u00e7os e loca\u00e7\u00e3o de equipamentos para [&hellip;]<\/p>\n","protected":false},"author":1,"featured_media":0,"parent":0,"menu_order":0,"comment_status":"closed","ping_status":"closed","template":"","meta":[],"yoast_head":"<!-- This site is optimized with the Yoast SEO plugin v17.6 - https:\/\/yoast.com\/wordpress\/plugins\/seo\/ -->\n<title>Home - MPedroso<\/title>\n<meta name=\"robots\" content=\"index, follow, max-snippet:-1, max-image-preview:large, max-video-preview:-1\" \/>\n<link rel=\"canonical\" href=\"https:\/\/mpedrosomaquinas.com.br\/\" \/>\n<meta property=\"og:locale\" content=\"pt_BR\" \/>\n<meta property=\"og:type\" content=\"article\" \/>\n<meta property=\"og:title\" content=\"Home - MPedroso\" \/>\n<meta property=\"og:description\" content=\"SOLU\u00c7\u00d5ES COMPLETAS PARA A SUA OBRA Loca\u00e7\u00e3o de maquinas e presta\u00e7\u00e3o de servi\u00e7os FA\u00c7A UM OR\u00c7AMENTO Loca\u00e7\u00e3o de equipamentos para terraplenagem escavadeira hidr\u00e1ulica Escavadeira hidr\u00e1ulica com rompedor Retroescavadeira Compactadores de solo P\u00e1 carregadeira SOBRE N\u00d3S M Pedroso iniciou as atividades em 2010 , atuando no mercado de presta\u00e7\u00e3o de servi\u00e7os e loca\u00e7\u00e3o de equipamentos para [&hellip;]\" \/>\n<meta property=\"og:url\" content=\"https:\/\/mpedrosomaquinas.com.br\/\" \/>\n<meta property=\"og:site_name\" content=\"MPedroso\" \/>\n<meta property=\"article:modified_time\" content=\"2021-11-25T20:10:09+00:00\" \/>\n<meta property=\"og:image\" content=\"https:\/\/mpedrosomaquinas.com.br\/wp-content\/uploads\/2021\/08\/qualidade-profissionais.svg\" \/>\n<meta name=\"twitter:card\" content=\"summary_large_image\" \/>\n<meta name=\"twitter:label1\" content=\"Est. tempo de leitura\" \/>\n\t<meta name=\"twitter:data1\" content=\"1 minuto\" \/>\n<script type=\"application\/ld+json\" class=\"yoast-schema-graph\">{\"@context\":\"https:\/\/schema.org\",\"@graph\":[{\"@type\":\"WebSite\",\"@id\":\"https:\/\/mpedrosomaquinas.com.br\/#website\",\"url\":\"https:\/\/mpedrosomaquinas.com.br\/\",\"name\":\"MPedroso\",\"description\":\"\",\"potentialAction\":[{\"@type\":\"SearchAction\",\"target\":{\"@type\":\"EntryPoint\",\"urlTemplate\":\"https:\/\/mpedrosomaquinas.com.br\/?s={search_term_string}\"},\"query-input\":\"required name=search_term_string\"}],\"inLanguage\":\"pt-BR\"},{\"@type\":\"ImageObject\",\"@id\":\"https:\/\/mpedrosomaquinas.com.br\/#primaryimage\",\"inLanguage\":\"pt-BR\",\"url\":\"\/wp-content\/uploads\/2021\/08\/qualidade-profissionais.svg\",\"contentUrl\":\"\/wp-content\/uploads\/2021\/08\/qualidade-profissionais.svg\"},{\"@type\":\"WebPage\",\"@id\":\"https:\/\/mpedrosomaquinas.com.br\/#webpage\",\"url\":\"https:\/\/mpedrosomaquinas.com.br\/\",\"name\":\"Home - MPedroso\",\"isPartOf\":{\"@id\":\"https:\/\/mpedrosomaquinas.com.br\/#website\"},\"primaryImageOfPage\":{\"@id\":\"https:\/\/mpedrosomaquinas.com.br\/#primaryimage\"},\"datePublished\":\"2021-06-09T20:47:06+00:00\",\"dateModified\":\"2021-11-25T20:10:09+00:00\",\"breadcrumb\":{\"@id\":\"https:\/\/mpedrosomaquinas.com.br\/#breadcrumb\"},\"inLanguage\":\"pt-BR\",\"potentialAction\":[{\"@type\":\"ReadAction\",\"target\":[\"https:\/\/mpedrosomaquinas.com.br\/\"]}]},{\"@type\":\"BreadcrumbList\",\"@id\":\"https:\/\/mpedrosomaquinas.com.br\/#breadcrumb\",\"itemListElement\":[{\"@type\":\"ListItem\",\"position\":1,\"name\":\"In\\u00edcio\",\"item\":\"https:\/\/mpedrosomaquinas.com.br\/\"},{\"@type\":\"ListItem\",\"position\":2,\"name\":\"Home\"}]}]}<\/script>\n<!-- \/ Yoast SEO plugin. -->","yoast_head_json":{"title":"Home - MPedroso","robots":{"index":"index","follow":"follow","max-snippet":"max-snippet:-1","max-image-preview":"max-image-preview:large","max-video-preview":"max-video-preview:-1"},"canonical":"https:\/\/mpedrosomaquinas.com.br\/","og_locale":"pt_BR","og_type":"article","og_title":"Home - MPedroso","og_description":"SOLU\u00c7\u00d5ES COMPLETAS PARA A SUA OBRA Loca\u00e7\u00e3o de maquinas e presta\u00e7\u00e3o de servi\u00e7os FA\u00c7A UM OR\u00c7AMENTO Loca\u00e7\u00e3o de equipamentos para terraplenagem escavadeira hidr\u00e1ulica Escavadeira hidr\u00e1ulica com rompedor Retroescavadeira Compactadores de solo P\u00e1 carregadeira SOBRE N\u00d3S M Pedroso iniciou as atividades em 2010 , atuando no mercado de presta\u00e7\u00e3o de servi\u00e7os e loca\u00e7\u00e3o de equipamentos para [&hellip;]","og_url":"https:\/\/mpedrosomaquinas.com.br\/","og_site_name":"MPedroso","article_modified_time":"2021-11-25T20:10:09+00:00","og_image":[{"url":"https:\/\/mpedrosomaquinas.com.br\/wp-content\/uploads\/2021\/08\/qualidade-profissionais.svg"}],"twitter_card":"summary_large_image","twitter_misc":{"Est. tempo de leitura":"1 minuto"},"schema":{"@context":"https:\/\/schema.org","@graph":[{"@type":"WebSite","@id":"https:\/\/mpedrosomaquinas.com.br\/#website","url":"https:\/\/mpedrosomaquinas.com.br\/","name":"MPedroso","description":"","potentialAction":[{"@type":"SearchAction","target":{"@type":"EntryPoint","urlTemplate":"https:\/\/mpedrosomaquinas.com.br\/?s={search_term_string}"},"query-input":"required name=search_term_string"}],"inLanguage":"pt-BR"},{"@type":"ImageObject","@id":"https:\/\/mpedrosomaquinas.com.br\/#primaryimage","inLanguage":"pt-BR","url":"\/wp-content\/uploads\/2021\/08\/qualidade-profissionais.svg","contentUrl":"\/wp-content\/uploads\/2021\/08\/qualidade-profissionais.svg"},{"@type":"WebPage","@id":"https:\/\/mpedrosomaquinas.com.br\/#webpage","url":"https:\/\/mpedrosomaquinas.com.br\/","name":"Home - MPedroso","isPartOf":{"@id":"https:\/\/mpedrosomaquinas.com.br\/#website"},"primaryImageOfPage":{"@id":"https:\/\/mpedrosomaquinas.com.br\/#primaryimage"},"datePublished":"2021-06-09T20:47:06+00:00","dateModified":"2021-11-25T20:10:09+00:00","breadcrumb":{"@id":"https:\/\/mpedrosomaquinas.com.br\/#breadcrumb"},"inLanguage":"pt-BR","potentialAction":[{"@type":"ReadAction","target":["https:\/\/mpedrosomaquinas.com.br\/"]}]},{"@type":"BreadcrumbList","@id":"https:\/\/mpedrosomaquinas.com.br\/#breadcrumb","itemListElement":[{"@type":"ListItem","position":1,"name":"In\u00edcio","item":"https:\/\/mpedrosomaquinas.com.br\/"},{"@type":"ListItem","position":2,"name":"Home"}]}]}},"builder_content":"<h1>SOLU\u00c7\u00d5ES COMPLETAS PARA A SUA OBRA<\/h1>\n<h4>Loca\u00e7\u00e3o de maquinas e presta\u00e7\u00e3o de servi\u00e7os<\/h4>\n<a href=\"\/#contato\" > FA\u00c7A UM OR\u00c7AMENTO <\/a>\n<ul> <li>Loca\u00e7\u00e3o de equipamentos para terraplenagem<\/li> <li>escavadeira hidr\u00e1ulica<\/li> <li>Escavadeira hidr\u00e1ulica com rompedor<\/li> <li>Retroescavadeira<\/li> <li>Compactadores de solo<\/li> <li>P\u00e1 carregadeira<\/li> <\/ul>\n<h2>SOBRE N\u00d3S<\/h2>\n<h3>M Pedroso iniciou as atividades em 2010 , atuando no mercado de presta\u00e7\u00e3o de servi\u00e7os e loca\u00e7\u00e3o de equipamentos para terraplenagem , buscando sempre atender seus clientes com equipamentos de qualidade e alta produtividade.<\/h3>\n<h2>NOSSOS VALORES<\/h2> <p>Nossa empresa \u00e9 fundamentada em valores que nos fazem diferenciados dos demais, seguimos um estilo de trabalho \u00fanico, vizando sempre melhor te atender.<\/p>\n<img src=\"\/wp-content\/uploads\/2021\/08\/qualidade-profissionais.svg\" width=\"110\" title=\"Time de profissionais especializados e com vasta experi\u00eancia para melhor te atender\" alt=\"Mpedroso M\u00e1quinas profissionais\"> <h3> Time de profissionais especializados e com vasta experi\u00eancia para melhor te atender <\/h3>\n<img src=\"\/wp-content\/uploads\/2021\/08\/agilidade.svg\" width=\"110\" title=\"Atendimento ao cliente com efici\u00eancia!\" alt=\"Mpedroso M\u00e1quinas atendimento\"> <h3> Atendimento ao cliente com efici\u00eancia! <\/h3>\n<img src=\"\/wp-content\/uploads\/2021\/08\/qualidade.svg\" width=\"110\" title=\"Agilidade no atendimento\" alt=\"Mpedroso M\u00e1quinas atendimento\"> <h3> Agilidade no atendimento <\/h3>\n<h2>NOSSOS VALORES<\/h2>\n<h2><strong>Fale conosco<\/strong><\/h2>\n<h4 style=\"text-align: right;\">Envie uma mensagem ou solicita\u00e7\u00e3o de contato, em instantes responderemos e esclareceremos suas d\u00favidas<\/h4>\n<h2>UM POUCO MAIS DO NOSSO TRABALHO<\/h2> <h3>\u00a0<\/h3>\n<h3 style=\"font-weight: 400; background-clip: border-box; background-image: none; text-align: center;\">Amplia\u00e7\u00e3o do Aeroporto de Maring\u00e1 - 2021<\/h3>\n<video id=\"video-22-1\" width=\"640\" height=\"360\" playsinline webkit-playsinline preload=\"none\" controls=\"controls\"><source type=\"video\/mp4\" src=\"\/wp-content\/uploads\/2021\/06\/WhatsApp-Video-2021-06-15-at-15.06.23.mp4?_=1\" \/><a href=\"\/wp-content\/uploads\/2021\/06\/WhatsApp-Video-2021-06-15-at-15.06.23.mp4\">\/wp-content\/uploads\/2021\/06\/WhatsApp-Video-2021-06-15-at-15.06.23.mp4<\/a><\/video>\n<p>Obra Maring\u00e1 - PR<\/p>\n<img src=\"\/wp-content\/uploads\/2021\/09\/Obra-Engenheiro-Beltrao-PR-scaled.jpeg\" width=\"590\" height=\"395\" alt=\"Obras de Retroescavadeira em maring\u00e1 e terraplanagem\">\n<img src=\"\/wp-content\/uploads\/2021\/09\/Duplicacao-de-Rodovia-Engenheiro-Beltrao-PR.jpeg\" width=\"591\" height=\"359\" alt=\"Retroescavadeira em maring\u00e1 terraplanagem\">\n<h3>Obra Mandagua\u00e7u - PR<\/h3>\n<h2>UM POUCO MAIS DO NOSSO TRABALHO<\/h2>\n<h3 style=\"font-weight: 400; background-clip: border-box; background-image: none; text-align: center;\">Desmonte de Rocha Maring\u00e1 - PR<\/h3>\n<video id=\"video-22-2\" width=\"640\" height=\"360\" playsinline webkit-playsinline preload=\"none\" controls=\"controls\"><source type=\"video\/mp4\" src=\"\/wp-content\/uploads\/2021\/08\/Desmonte-de-Rocha-Maringa-\u2013-PR.mp4?_=2\" \/><a href=\"\/wp-content\/uploads\/2021\/08\/Desmonte-de-Rocha-Maringa-\u2013-PR.mp4\">\/wp-content\/uploads\/2021\/08\/Desmonte-de-Rocha-Maringa-\u2013-PR.mp4<\/a><\/video>\n<h3>Desmonte de Rocha Obra Mau\u00e1 da Serra - PR<\/h3>\n<video id=\"video-22-3\" width=\"640\" height=\"360\" playsinline webkit-playsinline preload=\"none\" controls=\"controls\"><source type=\"video\/mp4\" src=\"\/wp-content\/uploads\/2021\/08\/Desmonte-de-Rocha-Obra-Maua-da-Serra-\u2013-PR.mp4?_=3\" \/><a href=\"\/wp-content\/uploads\/2021\/08\/Desmonte-de-Rocha-Obra-Maua-da-Serra-\u2013-PR.mp4\">\/wp-content\/uploads\/2021\/08\/Desmonte-de-Rocha-Obra-Maua-da-Serra-\u2013-PR.mp4<\/a><\/video>\n<img src=\"\/wp-content\/uploads\/2021\/09\/Obra-Bom-Jesus-RS.jpeg\" width=\"499\" height=\"325\" alt=\"Rompedor em obras Bom jesus\">\n<h3>Obra Bom Jesus - RS<\/h3>\n<h3>Desmonte de Rocha Guarapuava - PR<\/h3>\n<video id=\"video-22-4\" width=\"640\" height=\"360\" playsinline webkit-playsinline preload=\"none\" controls=\"controls\"><source type=\"video\/mp4\" src=\"\/wp-content\/uploads\/2021\/09\/rompedor.mp4?_=4\" \/><a href=\"\/wp-content\/uploads\/2021\/09\/rompedor.mp4\">\/wp-content\/uploads\/2021\/09\/rompedor.mp4<\/a><\/video>\n<video id=\"video-22-5\" width=\"640\" height=\"360\" playsinline webkit-playsinline preload=\"none\" controls=\"controls\"><source type=\"video\/mp4\" src=\"\/wp-content\/uploads\/2021\/08\/Terraplanagem-Obra-California-\u2013-PR0A.mp4?_=5\" \/><a href=\"\/wp-content\/uploads\/2021\/08\/Terraplanagem-Obra-California-\u2013-PR0A.mp4\">\/wp-content\/uploads\/2021\/08\/Terraplanagem-Obra-California-\u2013-PR0A.mp4<\/a><\/video>\n<h3>Terraplanagem Calif\u00f3rnia - PR<\/h3>\n<h2>UM POUCO MAIS DO NOSSO TRABALHO<\/h2>\n<h3 style=\"text-align: left;\">Guarapuava - PR<\/h3>\n<img src=\"\/wp-content\/uploads\/2021\/09\/rompedor-foto.jpeg\" width=\"479\" height=\"373\" alt=\"M\u00e1quinas Rompedor em maring\u00e1 Terraplanagem\">\n<img src=\"\/wp-content\/uploads\/2021\/08\/Terraplanagem-Obra-Maringa-PR-2-scaled.jpg\" width=\"479\" height=\"373\" alt=\"Retroescavadeira em maring\u00e1\">\n<h3>Obra Maring\u00e1 - PR<\/h3>","_links":{"self":[{"href":"https:\/\/mpedrosomaquinas.com.br\/index.php?rest_route=\/wp\/v2\/pages\/22"}],"collection":[{"href":"https:\/\/mpedrosomaquinas.com.br\/index.php?rest_route=\/wp\/v2\/pages"}],"about":[{"href":"https:\/\/mpedrosomaquinas.com.br\/index.php?rest_route=\/wp\/v2\/types\/page"}],"author":[{"embeddable":true,"href":"https:\/\/mpedrosomaquinas.com.br\/index.php?rest_route=\/wp\/v2\/users\/1"}],"replies":[{"embeddable":true,"href":"https:\/\/mpedrosomaquinas.com.br\/index.php?rest_route=%2Fwp%2Fv2%2Fcomments&post=22"}],"version-history":[{"count":176,"href":"https:\/\/mpedrosomaquinas.com.br\/index.php?rest_route=\/wp\/v2\/pages\/22\/revisions"}],"predecessor-version":[{"id":323,"href":"https:\/\/mpedrosomaquinas.com.br\/index.php?rest_route=\/wp\/v2\/pages\/22\/revisions\/323"}],"wp:attachment":[{"href":"https:\/\/mpedrosomaquinas.com.br\/index.php?rest_route=%2Fwp%2Fv2%2Fmedia&parent=22"}],"curies":[{"name":"wp","href":"https:\/\/api.w.org\/{rel}","templated":true}]}}